{"id":12,"date":"2016-09-25T11:52:04","date_gmt":"2016-09-25T09:52:04","guid":{"rendered":"http:\/\/ferienhof-klagge.de\/?page_id=12"},"modified":"2016-09-25T20:50:30","modified_gmt":"2016-09-25T18:50:30","slug":"falls-sie-kein-navigationsgeraet-haben","status":"publish","type":"page","link":"https:\/\/www.ferienhof-klagge.de\/?page_id=12","title":{"rendered":"Falls Sie kein Navigationsger\u00e4t haben"},"content":{"rendered":"<h4>k\u00f6nnen Sie uns so finden:<\/h4>\n<p><b>Mit der Bahn:<\/b><br \/>\nFahren Sie bis zum Bahnhof &#8222;Neum\u00fcnster&#8220;. Von dort f\u00fchrt die Firma &#8222;Peters Reisen&#8220; (<a href=\"http:\/\/www.peters-reisen.com\/index.php?cid=2&amp;mid=321&amp;kategorie=linienverkehr\" target=\"blank\">Linie 1754<\/a>) im Linienverkehr einigerma\u00dfen regelm\u00e4\u00dfig direkt nach Sch\u00f6nb\u00f6ken. Von der Bushaltestelle aus sind es zu Fu\u00df dann noch ca. 5 Minuten bis zu uns: einfach in die Lindenallee hinein laufen, die n\u00e4chste Stichstra\u00dfe rechts (Teerstra\u00dfe) abbiegen und ganz durchgehen.<\/p>\n<p><b>Mit dem Auto:<\/b><br \/>\nAuf der A21 vom Hamburg kommend die Ausfahrt &#8222;Bornh\u00f6ved&#8220; nehmen. Dort dann auf die B430 Richtung Neum\u00fcnster. Nach ca. 1,5 km rechts nach Sch\u00f6nb\u00f6ken in die Lindenallee einbiegen. Knapp 200 m vor Ende der Lindenallee geht es dann (gegen\u00fcber der Sandskoppel) links in die Stichstra\u00dfe, die am Hof endet.<\/p>\n<p><b>Oder falls Sie mal direkt einen Blick auf die Karte riskieren wollen:<\/b><\/p>\n<p><iframe loading=\"lazy\" src=\"https:\/\/maps.google.de\/maps?f=q&amp;source=s_q&amp;hl=de&amp;geocode=&amp;q=lindenallee+14,+sch%C3%B6nb%C3%B6ken&amp;sll=51.151786,10.415039&amp;sspn=19.586456,51.240234&amp;ie=UTF8&amp;hq=&amp;hnear=Lindenallee+14,+Sch%C3%B6nb%C3%B6ken+24601+Ruhwinkel,+Pl%C3%B6n,+Schleswig-Holstein&amp;z=14&amp;iwloc=r0&amp;ll=54.08105,10.19131&amp;output=embed\" width=\"100%\" height=\"500\" frameborder=\"0\" marginwidth=\"0\" marginheight=\"0\" scrolling=\"no\"> <a href=\"http:\/\/maps.google.de\/maps?f=q&amp;source=s_q&amp;hl=de&amp;geocode=&amp;q=lindenallee+14,+sch%C3%B6nb%C3%B6ken&amp;sll=51.151786,10.415039&amp;sspn=19.586456,51.240234&amp;ie=UTF8&amp;hq=&amp;hnear=Lindenallee+14,+Sch%C3%B6nb%C3%B6ken+24601+Ruhwinkel,+Pl%C3%B6n,+Schleswig-Holstein&amp;z=16&amp;iwloc=r0\" target=\"blank\">Unser Ferienhaus bei GoogleMaps<\/a> (ein St\u00fcck weiter links ist unser Hof zu sehen)<\/iframe><br \/>\n<small><a style=\"color: #0000ff; text-align: left;\" href=\"http:\/\/maps.google.de\/maps?f=q&amp;source=embed&amp;hl=de&amp;geocode=&amp;q=lindenallee+14,+sch%C3%B6nb%C3%B6ken&amp;sll=51.151786,10.415039&amp;sspn=19.586456,51.240234&amp;ie=UTF8&amp;hq=&amp;hnear=Lindenallee+14,+Sch%C3%B6nb%C3%B6ken+24601+Ruhwinkel,+Pl%C3%B6n,+Schleswig-Holstein&amp;z=14&amp;iwloc=r0&amp;ll=54.08105,10.19131\" target=\"_new\">Gr\u00f6\u00dfere Kartenansicht<\/a><\/small><\/p>\n","protected":false},"excerpt":{"rendered":"<p>k\u00f6nnen Sie uns so finden: Mit der Bahn: Fahren Sie bis zum Bahnhof &#8222;Neum\u00fcnster&#8220;. Von dort f\u00fchrt die Firma &#8222;Peters Reisen&#8220; (Linie 1754) im Linienverkehr einigerma\u00dfen regelm\u00e4\u00dfig direkt nach Sch\u00f6nb\u00f6ken. Von der Bushaltestelle aus sind<a class=\"read-more\" href=\"https:\/\/www.ferienhof-klagge.de\/?page_id=12\">Continue reading<\/a><\/p>\n","protected":false},"author":1,"featured_media":0,"parent":38,"menu_order":20,"comment_status":"closed","ping_status":"closed","template":"","meta":{"_acf_changed":false,"footnotes":""},"class_list":["post-12","page","type-page","status-publish","hentry"],"acf":[],"_links":{"self":[{"href":"https:\/\/www.ferienhof-klagge.de\/index.php?rest_route=\/wp\/v2\/pages\/12","targetHints":{"allow":["GET"]}}],"collection":[{"href":"https:\/\/www.ferienhof-klagge.de\/index.php?rest_route=\/wp\/v2\/pages"}],"about":[{"href":"https:\/\/www.ferienhof-klagge.de\/index.php?rest_route=\/wp\/v2\/types\/page"}],"author":[{"embeddable":true,"href":"https:\/\/www.ferienhof-klagge.de\/index.php?rest_route=\/wp\/v2\/users\/1"}],"replies":[{"embeddable":true,"href":"https:\/\/www.ferienhof-klagge.de\/index.php?rest_route=%2Fwp%2Fv2%2Fcomments&post=12"}],"version-history":[{"count":3,"href":"https:\/\/www.ferienhof-klagge.de\/index.php?rest_route=\/wp\/v2\/pages\/12\/revisions"}],"predecessor-version":[{"id":85,"href":"https:\/\/www.ferienhof-klagge.de\/index.php?rest_route=\/wp\/v2\/pages\/12\/revisions\/85"}],"up":[{"embeddable":true,"href":"https:\/\/www.ferienhof-klagge.de\/index.php?rest_route=\/wp\/v2\/pages\/38"}],"wp:attachment":[{"href":"https:\/\/www.ferienhof-klagge.de\/index.php?rest_route=%2Fwp%2Fv2%2Fmedia&parent=12"}],"curies":[{"name":"wp","href":"https:\/\/api.w.org\/{rel}","templated":true}]}}