{"id":28,"date":"2016-09-25T11:40:46","date_gmt":"2016-09-25T09:40:46","guid":{"rendered":"http:\/\/ferienhof-klagge.de\/?page_id=28"},"modified":"2016-09-25T20:26:34","modified_gmt":"2016-09-25T18:26:34","slug":"wo-sie-wohnen-koennen","status":"publish","type":"page","link":"https:\/\/www.ferienhof-klagge.de\/?page_id=28","title":{"rendered":"Wo Sie wohnen (k\u00f6nnen)"},"content":{"rendered":"<h4>&#8230;genau hier!<\/h4>\n<p>Das Ferienhaus wurde 1995 komplett neu gebaut. Es besteht aus drei Wohnungen, zwei im Erdgeschoss und eine im Obergeschoss. Das Haus liegt ca. 50 m von unserem Hof entfernt an der hofeigenen Stichstra\u00dfe, so dass sich der Durchgangsverkehr auf den Hof-Verkehr beschr\u00e4nkt (mehr als 10 Autos am Tag f\u00e4llt schon unter viel Verkehr).<\/p>\n<p>Um das Haus herum liegen drei separate Terassen, eine f\u00fcr jede Wohnung, der Rest des &#8222;au\u00dfen Herums&#8220; wird von dem gro\u00dfen gr\u00fcnen Garten, der gro\u00dfen Sandkiste, den Schaukel- &amp; Kletterger\u00fcsten, dem gro\u00dfen Trampolin sowie der umgebenden gr\u00fcnen Wiese aufgef\u00fcllt.<\/p>\n<p>Im Folgenden m\u00f6chten wir Ihnen unsere Ferienwohnungen einmal kurz vorstellen:<\/p>\n<ul>\n<li><a href=\"https:\/\/ferienhof-klagge.de\/?page_id=30\">Wohnung &#8222;Lindenblick&#8220;<\/a><\/li>\n<li><a href=\"https:\/\/ferienhof-klagge.de\/?page_id=32\">Wohnung &#8222;Wiesenblick&#8220;<\/a><\/li>\n<li><a href=\"https:\/\/ferienhof-klagge.de\/?page_id=35\">Wohnung &#8222;Weitblick&#8220;<\/a><\/li>\n<\/ul>\n<p><img loading=\"lazy\" decoding=\"async\" class=\"size-full wp-image-66 aligncenter\" src=\"http:\/\/ferienhof-klagge.de\/wp-content\/uploads\/2016\/09\/hof_breit.png\" alt=\"hof_breit\" width=\"787\" height=\"404\" srcset=\"https:\/\/www.ferienhof-klagge.de\/wp-content\/uploads\/2016\/09\/hof_breit.png 787w, https:\/\/www.ferienhof-klagge.de\/wp-content\/uploads\/2016\/09\/hof_breit-300x154.png 300w, https:\/\/www.ferienhof-klagge.de\/wp-content\/uploads\/2016\/09\/hof_breit-768x394.png 768w, https:\/\/www.ferienhof-klagge.de\/wp-content\/uploads\/2016\/09\/hof_breit-520x267.png 520w, https:\/\/www.ferienhof-klagge.de\/wp-content\/uploads\/2016\/09\/hof_breit-740x380.png 740w\" sizes=\"auto, (max-width: 787px) 100vw, 787px\" \/><\/p>\n","protected":false},"excerpt":{"rendered":"<p>&#8230;genau hier! Das Ferienhaus wurde 1995 komplett neu gebaut. Es besteht aus drei Wohnungen, zwei im Erdgeschoss und eine im Obergeschoss. Das Haus liegt ca. 50 m von unserem Hof entfernt an der hofeigenen Stichstra\u00dfe,<a class=\"read-more\" href=\"https:\/\/www.ferienhof-klagge.de\/?page_id=28\">Continue reading<\/a><\/p>\n","protected":false},"author":1,"featured_media":0,"parent":40,"menu_order":10,"comment_status":"closed","ping_status":"closed","template":"","meta":{"_acf_changed":false,"footnotes":""},"class_list":["post-28","page","type-page","status-publish","hentry"],"acf":[],"_links":{"self":[{"href":"https:\/\/www.ferienhof-klagge.de\/index.php?rest_route=\/wp\/v2\/pages\/28","targetHints":{"allow":["GET"]}}],"collection":[{"href":"https:\/\/www.ferienhof-klagge.de\/index.php?rest_route=\/wp\/v2\/pages"}],"about":[{"href":"https:\/\/www.ferienhof-klagge.de\/index.php?rest_route=\/wp\/v2\/types\/page"}],"author":[{"embeddable":true,"href":"https:\/\/www.ferienhof-klagge.de\/index.php?rest_route=\/wp\/v2\/users\/1"}],"replies":[{"embeddable":true,"href":"https:\/\/www.ferienhof-klagge.de\/index.php?rest_route=%2Fwp%2Fv2%2Fcomments&post=28"}],"version-history":[{"count":5,"href":"https:\/\/www.ferienhof-klagge.de\/index.php?rest_route=\/wp\/v2\/pages\/28\/revisions"}],"predecessor-version":[{"id":72,"href":"https:\/\/www.ferienhof-klagge.de\/index.php?rest_route=\/wp\/v2\/pages\/28\/revisions\/72"}],"up":[{"embeddable":true,"href":"https:\/\/www.ferienhof-klagge.de\/index.php?rest_route=\/wp\/v2\/pages\/40"}],"wp:attachment":[{"href":"https:\/\/www.ferienhof-klagge.de\/index.php?rest_route=%2Fwp%2Fv2%2Fmedia&parent=28"}],"curies":[{"name":"wp","href":"https:\/\/api.w.org\/{rel}","templated":true}]}}