{"id":4,"date":"2016-09-25T11:23:37","date_gmt":"2016-09-25T09:23:37","guid":{"rendered":"http:\/\/ferienhof-klagge.de\/?page_id=4"},"modified":"2023-05-08T13:10:57","modified_gmt":"2023-05-08T11:10:57","slug":"willkommen","status":"publish","type":"page","link":"https:\/\/www.ferienhof-klagge.de\/","title":{"rendered":"Willkommen!"},"content":{"rendered":"<p align=\"center\"><big><img loading=\"lazy\" decoding=\"async\" class=\"size-full wp-image-99 alignleft\" src=\"https:\/\/ferienhof-klagge.de\/wp-content\/uploads\/2016\/09\/logo_arbeitsgemeinschaft.png\" alt=\"\" width=\"160\" height=\"85\" \/><\/big><big>Sie wollen Urlaub machen? Und das auf einem aktiv bewirtschafteten Bauernhof, am Besten mitten in Schleswig-Holstein? Mit einer wundersch\u00f6nen Umgebung, viel Ruhe &amp; viel Platz?<br \/>\n<\/big><\/p>\n<p align=\"center\"><big>Dann sollten Sie Sich jetzt ein wenig Zeit nehmen und unsere Seiten einmal in Ruhe durchst\u00f6bern &#8211; es k\u00f6nnte n\u00e4mlich durchaus sein, dass Sie hier genau richtig sind!<\/big><\/p>\n<p align=\"center\"><img loading=\"lazy\" decoding=\"async\" class=\"aligncenter size-large wp-image-124\" src=\"http:\/\/ferienhof-klagge.de\/wp-content\/uploads\/2016\/09\/7C4A9507-1024x683.jpg\" alt=\"7c4a9507\" width=\"1024\" height=\"683\" srcset=\"https:\/\/www.ferienhof-klagge.de\/wp-content\/uploads\/2016\/09\/7C4A9507-1024x683.jpg 1024w, https:\/\/www.ferienhof-klagge.de\/wp-content\/uploads\/2016\/09\/7C4A9507-300x200.jpg 300w, https:\/\/www.ferienhof-klagge.de\/wp-content\/uploads\/2016\/09\/7C4A9507-768x512.jpg 768w, https:\/\/www.ferienhof-klagge.de\/wp-content\/uploads\/2016\/09\/7C4A9507-390x260.jpg 390w, https:\/\/www.ferienhof-klagge.de\/wp-content\/uploads\/2016\/09\/7C4A9507-520x347.jpg 520w, https:\/\/www.ferienhof-klagge.de\/wp-content\/uploads\/2016\/09\/7C4A9507-740x493.jpg 740w, https:\/\/www.ferienhof-klagge.de\/wp-content\/uploads\/2016\/09\/7C4A9507.jpg 1200w\" sizes=\"auto, (max-width: 1024px) 100vw, 1024px\" \/><\/p>\n<p align=\"center\">\n","protected":false},"excerpt":{"rendered":"<p>Sie wollen Urlaub machen? Und das auf einem aktiv bewirtschafteten Bauernhof, am Besten mitten in Schleswig-Holstein? Mit einer wundersch\u00f6nen Umgebung, viel Ruhe &amp; viel Platz? Dann sollten Sie Sich jetzt ein wenig Zeit nehmen und<a class=\"read-more\" href=\"https:\/\/www.ferienhof-klagge.de\/\">Continue reading<\/a><\/p>\n","protected":false},"author":1,"featured_media":0,"parent":0,"menu_order":0,"comment_status":"closed","ping_status":"closed","template":"","meta":{"_acf_changed":false,"footnotes":""},"class_list":["post-4","page","type-page","status-publish","hentry"],"acf":[],"_links":{"self":[{"href":"https:\/\/www.ferienhof-klagge.de\/index.php?rest_route=\/wp\/v2\/pages\/4","targetHints":{"allow":["GET"]}}],"collection":[{"href":"https:\/\/www.ferienhof-klagge.de\/index.php?rest_route=\/wp\/v2\/pages"}],"about":[{"href":"https:\/\/www.ferienhof-klagge.de\/index.php?rest_route=\/wp\/v2\/types\/page"}],"author":[{"embeddable":true,"href":"https:\/\/www.ferienhof-klagge.de\/index.php?rest_route=\/wp\/v2\/users\/1"}],"replies":[{"embeddable":true,"href":"https:\/\/www.ferienhof-klagge.de\/index.php?rest_route=%2Fwp%2Fv2%2Fcomments&post=4"}],"version-history":[{"count":11,"href":"https:\/\/www.ferienhof-klagge.de\/index.php?rest_route=\/wp\/v2\/pages\/4\/revisions"}],"predecessor-version":[{"id":236,"href":"https:\/\/www.ferienhof-klagge.de\/index.php?rest_route=\/wp\/v2\/pages\/4\/revisions\/236"}],"wp:attachment":[{"href":"https:\/\/www.ferienhof-klagge.de\/index.php?rest_route=%2Fwp%2Fv2%2Fmedia&parent=4"}],"curies":[{"name":"wp","href":"https:\/\/api.w.org\/{rel}","templated":true}]}}